{"id":60,"date":"2021-07-18T15:57:58","date_gmt":"2021-07-18T15:57:58","guid":{"rendered":"https:\/\/h2s.pt\/?page_id=60"},"modified":"2021-07-18T15:57:59","modified_gmt":"2021-07-18T15:57:59","slug":"mensagem-do-ceo","status":"publish","type":"page","link":"https:\/\/h2s.pt\/index.php\/mensagem-do-ceo\/","title":{"rendered":"Mensagem do CEO"},"content":{"rendered":"\n<p><em>&#8220;Porque sabemos que uma rela\u00e7\u00e3o pr\u00f3xima e personalizada com os nossos clientes marca a diferen\u00e7a no panorama das TI, \u00e9 desta forma que nos apresentamos como um parceiro tecnol\u00f3gico, solidamente implantado num mercado onde a selec\u00e7\u00e3o natural justifica a nossa exist\u00eancia.&#8221;<\/em><\/p>\n","protected":false},"excerpt":{"rendered":"<p>&#8220;Porque sabemos que uma rela\u00e7\u00e3o pr\u00f3xima e personalizada com os nossos clientes marca a diferen\u00e7a no panorama das TI, \u00e9 desta forma que nos apresentamos como um parceiro tecnol\u00f3gico, solidamente implantado num mercado onde a selec\u00e7\u00e3o natural justifica a nossa exist\u00eancia.&#8221;<\/p>\n","protected":false},"author":1,"featured_media":0,"parent":0,"menu_order":0,"comment_status":"closed","ping_status":"closed","template":"","meta":{"footnotes":""},"class_list":["post-60","page","type-page","status-publish","hentry"],"_links":{"self":[{"href":"https:\/\/h2s.pt\/index.php\/wp-json\/wp\/v2\/pages\/60","targetHints":{"allow":["GET"]}}],"collection":[{"href":"https:\/\/h2s.pt\/index.php\/wp-json\/wp\/v2\/pages"}],"about":[{"href":"https:\/\/h2s.pt\/index.php\/wp-json\/wp\/v2\/types\/page"}],"author":[{"embeddable":true,"href":"https:\/\/h2s.pt\/index.php\/wp-json\/wp\/v2\/users\/1"}],"replies":[{"embeddable":true,"href":"https:\/\/h2s.pt\/index.php\/wp-json\/wp\/v2\/comments?post=60"}],"version-history":[{"count":1,"href":"https:\/\/h2s.pt\/index.php\/wp-json\/wp\/v2\/pages\/60\/revisions"}],"predecessor-version":[{"id":61,"href":"https:\/\/h2s.pt\/index.php\/wp-json\/wp\/v2\/pages\/60\/revisions\/61"}],"wp:attachment":[{"href":"https:\/\/h2s.pt\/index.php\/wp-json\/wp\/v2\/media?parent=60"}],"curies":[{"name":"wp","href":"https:\/\/api.w.org\/{rel}","templated":true}]}}